{"id":19204,"date":"2021-04-14T06:29:38","date_gmt":"2021-04-14T06:29:38","guid":{"rendered":"https:\/\/puertovallarta.tours\/producto\/tour-islas-marietas-playa-escondida\/"},"modified":"2026-03-06T14:50:05","modified_gmt":"2026-03-06T20:50:05","slug":"islas-marietas-hidden-beach-tour","status":"publish","type":"product","link":"https:\/\/puertovallarta.tours\/en\/tours\/islas-marietas-hidden-beach-tour\/","title":{"rendered":"Islas Marietas + Hidden Beach Tour"},"content":{"rendered":"<h5><strong><i class=\"fa fa-clock-o\" aria-hidden=\"true\"><\/i> Tour duration:<\/strong> 8 hours approx.<\/h5>\n<h5><strong><i class=\"fa fa-calendar-check-o\" aria-hidden=\"true\"><\/i> Book at least 2 weeks in advance<\/strong><\/h5>\n<h5><strong><i class=\"fa fa-ship\" aria-hidden=\"true\"><\/i> Departure Time:<\/strong> 8:00 AM<\/h5>\n<p style=\"font-size: 15px; color: #ff6600;\">Departure from the Maritime Terminal <em><strong> <a href=\"https:\/\/maps.app.goo.gl\/AaAwBGFg9X8nUVkMA\"><i class=\"fa fa-map-marker\" aria-hidden=\"true\"><\/i> View Map<\/a><\/strong><\/em><\/p>\n<p>Get ready to discover a secret paradise! The adventure begins at the <b>Puerto M\u00e1gico pier,<\/b> where you will <b>check in<\/b> and be greeted by the tour guides. You will receive safety instructions, recommendations for the route, and all the necessary equipment to enjoy the experience safely.<\/p>\n<p>Then, you will board a <b>boat to the Marietas Islands<\/b>, enjoying the seascape and the ocean breeze while the guides tell you about the fauna, flora, and history of this protected ecosystem. During the navigation, you will be able to observe birds, dolphins, and other marine species that inhabit the area, making the journey a natural spectacle.<\/p>\n<p>Upon arrival, you will engage in <b>snorkeling activities<\/b> in the islands&#8217; reefs, kayaking, paddleboarding, a floating lily pad, and more\u2014exploring marine life with the guidance of specialized guides. The adventure includes <b>entry to the famous Hidden Beach<\/b>, a unique spot surrounded by rock formations and crystal-clear waters, accessible only by boat or by swimming from the vessel, creating an exclusive and memorable experience. The stay is approximately 15 minutes to take incredible photographs.<\/p>\n<p>During the visit, guides will be available to help you take photos, show you the best spots, and ensure your safety. After enjoying the beach, snorkeling, and the natural surroundings, you will return to the boat for the <b>trip back to the Puerto Vallarta pier<\/b>, concluding a day full of adventure, nature, and dreamlike landscapes.<\/p>\n<p>Due to its importance to the ecosystem, visits to the Marietas Islands are regulated by CONANP (National Commission of Protected Natural Areas), and there are certain limitations we must respect to ensure the lowest possible impact.<\/p>\n<h3 data-start=\"120\" data-end=\"396\"><strong data-start=\"120\" data-end=\"137\">WHAT&#8217;S INCLUDED?<\/strong><\/h3>\n<ul>\n<li aria-level=\"1\">Round-trip boat transportation<\/li>\n<li aria-level=\"1\">Expert guides throughout the tour<\/li>\n<li aria-level=\"1\">Snorkel with equipment included<\/li>\n<li aria-level=\"1\">Kayak and paddleboard<\/li>\n<li aria-level=\"1\">Lily pad<\/li>\n<li aria-level=\"1\">Entry to Hidden Beach<\/li>\n<li aria-level=\"1\">Breakfast<\/li>\n<li aria-level=\"1\">Lunch<\/li>\n<li aria-level=\"1\">National open bar<\/li>\n<\/ul>\n<h4><strong>WHAT IS NOT INCLUDED?<\/strong><\/h4>\n<ul>\n<li aria-level=\"1\">Tips<\/li>\n<li aria-level=\"1\">Additional photographs or videos<\/li>\n<li aria-level=\"1\">Eco Tour (mini boat tour around the islands)<\/li>\n<li aria-level=\"1\">Souvenirs<\/li>\n<li aria-level=\"1\">Port tax<\/li>\n<li aria-level=\"1\">Island conservation bracelet<\/li>\n<\/ul>\n<h4 data-start=\"639\" data-end=\"656\"><strong data-start=\"639\" data-end=\"654\">IMPORTANT:<\/strong><\/h4>\n<ul>\n<li>It is extremely important to arrive 45 minutes before departure time at the <a href=\"https:\/\/maps.app.goo.gl\/AaAwBGFg9X8nUVkMA\"><strong>Maritime Terminal<\/strong><\/a>.<\/li>\n<li>For safety reasons, women who are 5 months pregnant or more cannot participate in any of our water activities.<\/li>\n<li>Remember to use biodegradable sunscreen to protect your skin and the environment.<\/li>\n<li>The use of life jackets is mandatory during your experience.<\/li>\n<li>Per federal regulation, a <strong>port tax of approximately $35 MXN<\/strong> is required, payable directly at the maritime terminal.<\/li>\n<li>Each passenger must pay for the environmental conservation bracelet at a cost of <strong>approximately $220 MXN,<\/strong> payable directly at the maritime terminal.<\/li>\n<li><em>PuertoVallarta.Tours is not responsible for weather or sea conditions at the time of the tour; therefore, no amount will be refunded once the passenger has boarded the vessel.<\/em><\/li>\n<li><em>Wildlife sightings at the islands also depend on water conditions, and their natural behavior is not controllable.<\/em><\/li>\n<\/ul>\n<h4 data-start=\"398\" data-end=\"637\"><strong data-start=\"398\" data-end=\"418\">WHAT TO BRING?<\/strong><\/h4>\n<ul>\n<li>Extra money for port taxes, photos, food, drinks, etc.<\/li>\n<li>Extra change of clothes<\/li>\n<li>Swimsuit<\/li>\n<li>Towel<\/li>\n<li>Biodegradable sunscreen<\/li>\n<li>Comfortable shoes<\/li>\n<\/ul>\n<div style=\"width: 1080px;\" class=\"wp-video\"><video class=\"wp-video-shortcode\" id=\"video-19204-1\" width=\"1080\" height=\"1920\" preload=\"metadata\" controls=\"controls\"><source type=\"video\/mp4\" src=\"https:\/\/puertovallarta.tours\/wp-content\/uploads\/2025\/10\/Islas-Marietas-Playa-Escondida.mp4?_=1\" \/><a href=\"https:\/\/puertovallarta.tours\/wp-content\/uploads\/2025\/10\/Islas-Marietas-Playa-Escondida.mp4\">https:\/\/puertovallarta.tours\/wp-content\/uploads\/2025\/10\/Islas-Marietas-Playa-Escondida.mp4<\/a><\/video><\/div>\n","protected":false},"excerpt":{"rendered":"<p><b>Visit the world-famous Hidden Beach<\/b> <\/p>\n<h5><strong><i class=\"fa fa-clock-o\" aria-hidden=\"true\"><\/i> Tour duration:<\/strong> &#8230; <\/p>\n","protected":false},"featured_media":15764,"template":"","meta":{"_joinchat":{"message_text":"Hola! Nuestro *{PRODUCT}* Necesita reservarse con 2 semanas de anticipaci\u00f3n. Escr\u00edbenos para saber m\u00e1s detalles"}},"product_brand":[],"product_cat":[435,419,427,434],"product_tag":[],"class_list":{"0":"post-19204","1":"product","2":"type-product","3":"status-publish","4":"has-post-thumbnail","6":"product_cat-boats-beaches","7":"product_cat-marietas-islands","8":"product_cat-riviera-nayarit","9":"product_cat-water-tours","11":"first","12":"instock","13":"featured","14":"virtual","15":"purchasable","16":"product-type-ovatb_tour"},"yoast_head":"<!-- This site is optimized with the Yoast SEO plugin v27.3 - https:\/\/yoast.com\/product\/yoast-seo-wordpress\/ -->\n<title>Islas Marietas + Hidden Beach Tour - Puerto Vallarta Tours<\/title>\n<meta name=\"robots\" content=\"index, follow, max-snippet:-1, max-image-preview:large, max-video-preview:-1\" \/>\n<link rel=\"canonical\" href=\"https:\/\/puertovallarta.tours\/en\/tours\/islas-marietas-hidden-beach-tour\/\" \/>\n<meta property=\"og:locale\" content=\"en_US\" \/>\n<meta property=\"og:type\" content=\"article\" \/>\n<meta property=\"og:title\" content=\"Islas Marietas + Hidden Beach Tour - Puerto Vallarta Tours\" \/>\n<meta property=\"og:description\" content=\"Visit the world-famous Hidden Beach Tour duration: ...\" \/>\n<meta property=\"og:url\" content=\"https:\/\/puertovallarta.tours\/en\/tours\/islas-marietas-hidden-beach-tour\/\" \/>\n<meta property=\"og:site_name\" content=\"Puerto Vallarta Tours\" \/>\n<meta property=\"article:modified_time\" content=\"2026-03-06T20:50:05+00:00\" \/>\n<meta property=\"og:image\" content=\"https:\/\/puertovallarta.tours\/wp-content\/uploads\/2021\/04\/Islas-Marietas-Playa-Escondida-Beach-Tour-Puerto-Vallarta.jpg\" \/>\n\t<meta property=\"og:image:width\" content=\"1080\" \/>\n\t<meta property=\"og:image:height\" content=\"1080\" \/>\n\t<meta property=\"og:image:type\" content=\"image\/jpeg\" \/>\n<meta name=\"twitter:card\" content=\"summary_large_image\" \/>\n<meta name=\"twitter:label1\" content=\"Est. reading time\" \/>\n\t<meta name=\"twitter:data1\" content=\"3 minutes\" \/>\n<script type=\"application\/ld+json\" class=\"yoast-schema-graph\">{\"@context\":\"https:\\\/\\\/schema.org\",\"@graph\":[{\"@type\":\"WebPage\",\"@id\":\"https:\\\/\\\/puertovallarta.tours\\\/en\\\/tours\\\/islas-marietas-hidden-beach-tour\\\/\",\"url\":\"https:\\\/\\\/puertovallarta.tours\\\/en\\\/tours\\\/islas-marietas-hidden-beach-tour\\\/\",\"name\":\"Islas Marietas + Hidden Beach Tour - Puerto Vallarta Tours\",\"isPartOf\":{\"@id\":\"https:\\\/\\\/puertovallarta.tours\\\/en\\\/?lang=en\\\/#website\"},\"primaryImageOfPage\":{\"@id\":\"https:\\\/\\\/puertovallarta.tours\\\/en\\\/tours\\\/islas-marietas-hidden-beach-tour\\\/#primaryimage\"},\"image\":{\"@id\":\"https:\\\/\\\/puertovallarta.tours\\\/en\\\/tours\\\/islas-marietas-hidden-beach-tour\\\/#primaryimage\"},\"thumbnailUrl\":\"https:\\\/\\\/puertovallarta.tours\\\/wp-content\\\/uploads\\\/2021\\\/04\\\/Islas-Marietas-Playa-Escondida-Beach-Tour-Puerto-Vallarta.jpg\",\"datePublished\":\"2021-04-14T06:29:38+00:00\",\"dateModified\":\"2026-03-06T20:50:05+00:00\",\"breadcrumb\":{\"@id\":\"https:\\\/\\\/puertovallarta.tours\\\/en\\\/tours\\\/islas-marietas-hidden-beach-tour\\\/#breadcrumb\"},\"inLanguage\":\"en-US\",\"potentialAction\":[{\"@type\":\"ReadAction\",\"target\":[\"https:\\\/\\\/puertovallarta.tours\\\/en\\\/tours\\\/islas-marietas-hidden-beach-tour\\\/\"]}]},{\"@type\":\"ImageObject\",\"inLanguage\":\"en-US\",\"@id\":\"https:\\\/\\\/puertovallarta.tours\\\/en\\\/tours\\\/islas-marietas-hidden-beach-tour\\\/#primaryimage\",\"url\":\"https:\\\/\\\/puertovallarta.tours\\\/wp-content\\\/uploads\\\/2021\\\/04\\\/Islas-Marietas-Playa-Escondida-Beach-Tour-Puerto-Vallarta.jpg\",\"contentUrl\":\"https:\\\/\\\/puertovallarta.tours\\\/wp-content\\\/uploads\\\/2021\\\/04\\\/Islas-Marietas-Playa-Escondida-Beach-Tour-Puerto-Vallarta.jpg\",\"width\":1080,\"height\":1080},{\"@type\":\"BreadcrumbList\",\"@id\":\"https:\\\/\\\/puertovallarta.tours\\\/en\\\/tours\\\/islas-marietas-hidden-beach-tour\\\/#breadcrumb\",\"itemListElement\":[{\"@type\":\"ListItem\",\"position\":1,\"name\":\"Portada\",\"item\":\"https:\\\/\\\/puertovallarta.tours\\\/en\\\/\"},{\"@type\":\"ListItem\",\"position\":2,\"name\":\"Tours\",\"item\":\"https:\\\/\\\/puertovallarta.tours\\\/en\\\/tours\\\/\"},{\"@type\":\"ListItem\",\"position\":3,\"name\":\"Islas Marietas + Hidden Beach Tour\"}]},{\"@type\":\"WebSite\",\"@id\":\"https:\\\/\\\/puertovallarta.tours\\\/en\\\/?lang=en\\\/#website\",\"url\":\"https:\\\/\\\/puertovallarta.tours\\\/en\\\/?lang=en\\\/\",\"name\":\"Puerto Vallarta Tours\",\"description\":\"Los Mejores Tours de Puerto Vallarta\",\"publisher\":{\"@id\":\"https:\\\/\\\/puertovallarta.tours\\\/en\\\/?lang=en\\\/#organization\"},\"potentialAction\":[{\"@type\":\"SearchAction\",\"target\":{\"@type\":\"EntryPoint\",\"urlTemplate\":\"https:\\\/\\\/puertovallarta.tours\\\/en\\\/?lang=en\\\/?s={search_term_string}\"},\"query-input\":{\"@type\":\"PropertyValueSpecification\",\"valueRequired\":true,\"valueName\":\"search_term_string\"}}],\"inLanguage\":\"en-US\"},{\"@type\":\"Organization\",\"@id\":\"https:\\\/\\\/puertovallarta.tours\\\/en\\\/?lang=en\\\/#organization\",\"name\":\"Puerto Vallarta Tours\",\"url\":\"https:\\\/\\\/puertovallarta.tours\\\/en\\\/?lang=en\\\/\",\"logo\":{\"@type\":\"ImageObject\",\"inLanguage\":\"en-US\",\"@id\":\"https:\\\/\\\/puertovallarta.tours\\\/en\\\/?lang=en\\\/#\\\/schema\\\/logo\\\/image\\\/\",\"url\":\"https:\\\/\\\/puertovallarta.tours\\\/wp-content\\\/uploads\\\/2025\\\/02\\\/Logo-Puerto-Vallarta-Tours-blanco.png\",\"contentUrl\":\"https:\\\/\\\/puertovallarta.tours\\\/wp-content\\\/uploads\\\/2025\\\/02\\\/Logo-Puerto-Vallarta-Tours-blanco.png\",\"width\":200,\"height\":95,\"caption\":\"Puerto Vallarta Tours\"},\"image\":{\"@id\":\"https:\\\/\\\/puertovallarta.tours\\\/en\\\/?lang=en\\\/#\\\/schema\\\/logo\\\/image\\\/\"}}]}<\/script>\n<!-- \/ Yoast SEO plugin. -->","yoast_head_json":{"title":"Islas Marietas + Hidden Beach Tour - Puerto Vallarta Tours","robots":{"index":"index","follow":"follow","max-snippet":"max-snippet:-1","max-image-preview":"max-image-preview:large","max-video-preview":"max-video-preview:-1"},"canonical":"https:\/\/puertovallarta.tours\/en\/tours\/islas-marietas-hidden-beach-tour\/","og_locale":"en_US","og_type":"article","og_title":"Islas Marietas + Hidden Beach Tour - Puerto Vallarta Tours","og_description":"Visit the world-famous Hidden Beach Tour duration: ...","og_url":"https:\/\/puertovallarta.tours\/en\/tours\/islas-marietas-hidden-beach-tour\/","og_site_name":"Puerto Vallarta Tours","article_modified_time":"2026-03-06T20:50:05+00:00","og_image":[{"width":1080,"height":1080,"url":"https:\/\/puertovallarta.tours\/wp-content\/uploads\/2021\/04\/Islas-Marietas-Playa-Escondida-Beach-Tour-Puerto-Vallarta.jpg","type":"image\/jpeg"}],"twitter_card":"summary_large_image","twitter_misc":{"Est. reading time":"3 minutes"},"schema":{"@context":"https:\/\/schema.org","@graph":[{"@type":"WebPage","@id":"https:\/\/puertovallarta.tours\/en\/tours\/islas-marietas-hidden-beach-tour\/","url":"https:\/\/puertovallarta.tours\/en\/tours\/islas-marietas-hidden-beach-tour\/","name":"Islas Marietas + Hidden Beach Tour - Puerto Vallarta Tours","isPartOf":{"@id":"https:\/\/puertovallarta.tours\/en\/?lang=en\/#website"},"primaryImageOfPage":{"@id":"https:\/\/puertovallarta.tours\/en\/tours\/islas-marietas-hidden-beach-tour\/#primaryimage"},"image":{"@id":"https:\/\/puertovallarta.tours\/en\/tours\/islas-marietas-hidden-beach-tour\/#primaryimage"},"thumbnailUrl":"https:\/\/puertovallarta.tours\/wp-content\/uploads\/2021\/04\/Islas-Marietas-Playa-Escondida-Beach-Tour-Puerto-Vallarta.jpg","datePublished":"2021-04-14T06:29:38+00:00","dateModified":"2026-03-06T20:50:05+00:00","breadcrumb":{"@id":"https:\/\/puertovallarta.tours\/en\/tours\/islas-marietas-hidden-beach-tour\/#breadcrumb"},"inLanguage":"en-US","potentialAction":[{"@type":"ReadAction","target":["https:\/\/puertovallarta.tours\/en\/tours\/islas-marietas-hidden-beach-tour\/"]}]},{"@type":"ImageObject","inLanguage":"en-US","@id":"https:\/\/puertovallarta.tours\/en\/tours\/islas-marietas-hidden-beach-tour\/#primaryimage","url":"https:\/\/puertovallarta.tours\/wp-content\/uploads\/2021\/04\/Islas-Marietas-Playa-Escondida-Beach-Tour-Puerto-Vallarta.jpg","contentUrl":"https:\/\/puertovallarta.tours\/wp-content\/uploads\/2021\/04\/Islas-Marietas-Playa-Escondida-Beach-Tour-Puerto-Vallarta.jpg","width":1080,"height":1080},{"@type":"BreadcrumbList","@id":"https:\/\/puertovallarta.tours\/en\/tours\/islas-marietas-hidden-beach-tour\/#breadcrumb","itemListElement":[{"@type":"ListItem","position":1,"name":"Portada","item":"https:\/\/puertovallarta.tours\/en\/"},{"@type":"ListItem","position":2,"name":"Tours","item":"https:\/\/puertovallarta.tours\/en\/tours\/"},{"@type":"ListItem","position":3,"name":"Islas Marietas + Hidden Beach Tour"}]},{"@type":"WebSite","@id":"https:\/\/puertovallarta.tours\/en\/?lang=en\/#website","url":"https:\/\/puertovallarta.tours\/en\/?lang=en\/","name":"Puerto Vallarta Tours","description":"Los Mejores Tours de Puerto Vallarta","publisher":{"@id":"https:\/\/puertovallarta.tours\/en\/?lang=en\/#organization"},"potentialAction":[{"@type":"SearchAction","target":{"@type":"EntryPoint","urlTemplate":"https:\/\/puertovallarta.tours\/en\/?lang=en\/?s={search_term_string}"},"query-input":{"@type":"PropertyValueSpecification","valueRequired":true,"valueName":"search_term_string"}}],"inLanguage":"en-US"},{"@type":"Organization","@id":"https:\/\/puertovallarta.tours\/en\/?lang=en\/#organization","name":"Puerto Vallarta Tours","url":"https:\/\/puertovallarta.tours\/en\/?lang=en\/","logo":{"@type":"ImageObject","inLanguage":"en-US","@id":"https:\/\/puertovallarta.tours\/en\/?lang=en\/#\/schema\/logo\/image\/","url":"https:\/\/puertovallarta.tours\/wp-content\/uploads\/2025\/02\/Logo-Puerto-Vallarta-Tours-blanco.png","contentUrl":"https:\/\/puertovallarta.tours\/wp-content\/uploads\/2025\/02\/Logo-Puerto-Vallarta-Tours-blanco.png","width":200,"height":95,"caption":"Puerto Vallarta Tours"},"image":{"@id":"https:\/\/puertovallarta.tours\/en\/?lang=en\/#\/schema\/logo\/image\/"}}]}},"_links":{"self":[{"href":"https:\/\/puertovallarta.tours\/en\/wp-json\/wp\/v2\/product\/19204","targetHints":{"allow":["GET"]}}],"collection":[{"href":"https:\/\/puertovallarta.tours\/en\/wp-json\/wp\/v2\/product"}],"about":[{"href":"https:\/\/puertovallarta.tours\/en\/wp-json\/wp\/v2\/types\/product"}],"wp:featuredmedia":[{"embeddable":true,"href":"https:\/\/puertovallarta.tours\/en\/wp-json\/wp\/v2\/media\/15764"}],"wp:attachment":[{"href":"https:\/\/puertovallarta.tours\/en\/wp-json\/wp\/v2\/media?parent=19204"}],"wp:term":[{"taxonomy":"product_brand","embeddable":true,"href":"https:\/\/puertovallarta.tours\/en\/wp-json\/wp\/v2\/product_brand?post=19204"},{"taxonomy":"product_cat","embeddable":true,"href":"https:\/\/puertovallarta.tours\/en\/wp-json\/wp\/v2\/product_cat?post=19204"},{"taxonomy":"product_tag","embeddable":true,"href":"https:\/\/puertovallarta.tours\/en\/wp-json\/wp\/v2\/product_tag?post=19204"}],"curies":[{"name":"wp","href":"https:\/\/api.w.org\/{rel}","templated":true}]}}